{"id":6515,"date":"2025-04-07T13:34:41","date_gmt":"2025-04-07T13:34:41","guid":{"rendered":"https:\/\/agrodiamant.ro\/?post_type=product&#038;p=6515"},"modified":"2025-04-07T13:44:36","modified_gmt":"2025-04-07T13:44:36","slug":"triciclu-tricicleta-electrica-cargo-tuk-tuk-cu-bena-basculabila-si-2-locuri-ray-tech","status":"publish","type":"product","link":"https:\/\/agrodiamant.ro\/index.php\/product\/triciclu-tricicleta-electrica-cargo-tuk-tuk-cu-bena-basculabila-si-2-locuri-ray-tech\/","title":{"rendered":"Triciclu Triciclet\u0103 electric\u0103 cargo TUK TUK cu ben\u0103 basculabil\u0103 \u0219i 2 locuri RAY-TECH"},"content":{"rendered":"","protected":false},"excerpt":{"rendered":"<p>Triciclu electric RAY-TECH:<\/p>\n<ul>\n<li>TUK TUK cu ben\u0103 basculabil\u0103;<\/li>\n<li>\u00eenmatriculabil\u0103;<\/li>\n<li>5 baterii;<\/li>\n<li>PRET &#8211; 9931 RON<\/li>\n<\/ul>\n","protected":false},"featured_media":6516,"template":"","meta":[],"product_brand":[],"product_cat":[539],"product_tag":[],"class_list":{"0":"post-6515","1":"product","2":"type-product","3":"status-publish","4":"has-post-thumbnail","6":"product_cat-auto","8":"first","9":"instock","10":"taxable","11":"shipping-taxable","12":"product-type-simple"},"jetpack_sharing_enabled":true,"_links":{"self":[{"href":"https:\/\/agrodiamant.ro\/index.php\/wp-json\/wp\/v2\/product\/6515","targetHints":{"allow":["GET"]}}],"collection":[{"href":"https:\/\/agrodiamant.ro\/index.php\/wp-json\/wp\/v2\/product"}],"about":[{"href":"https:\/\/agrodiamant.ro\/index.php\/wp-json\/wp\/v2\/types\/product"}],"wp:featuredmedia":[{"embeddable":true,"href":"https:\/\/agrodiamant.ro\/index.php\/wp-json\/wp\/v2\/media\/6516"}],"wp:attachment":[{"href":"https:\/\/agrodiamant.ro\/index.php\/wp-json\/wp\/v2\/media?parent=6515"}],"wp:term":[{"taxonomy":"product_brand","embeddable":true,"href":"https:\/\/agrodiamant.ro\/index.php\/wp-json\/wp\/v2\/product_brand?post=6515"},{"taxonomy":"product_cat","embeddable":true,"href":"https:\/\/agrodiamant.ro\/index.php\/wp-json\/wp\/v2\/product_cat?post=6515"},{"taxonomy":"product_tag","embeddable":true,"href":"https:\/\/agrodiamant.ro\/index.php\/wp-json\/wp\/v2\/product_tag?post=6515"}],"curies":[{"name":"wp","href":"https:\/\/api.w.org\/{rel}","templated":true}]}}