{"id":6563,"date":"2025-04-16T12:34:04","date_gmt":"2025-04-16T12:34:04","guid":{"rendered":"https:\/\/agrodiamant.ro\/?post_type=product&#038;p=6563"},"modified":"2025-11-15T11:24:31","modified_gmt":"2025-11-15T11:24:31","slug":"macara-prindere-tractor-brat-extensibil-raytech-1200kg","status":"publish","type":"product","link":"https:\/\/agrodiamant.ro\/index.php\/product\/macara-prindere-tractor-brat-extensibil-raytech-1200kg\/","title":{"rendered":"Macara cu bra\u021b extensibil \u0219i prindere \u00een 3 puncte + cuplaj utilaj adiacent RayTech 1200kg"},"content":{"rendered":"","protected":false},"excerpt":{"rendered":"<p><u>AgroDiamant comercializeaz\u0103 Macara extensibila RayTech 1200kg.<\/u><\/p>\n<p>Macaraua RayTech este un utilaj de ridicare robust, destinat manipul\u0103rii diverselor marfurii \u00een agricultur\u0103 \u0219i industrie.<\/p>\n<p>Este echipat\u0103 cu un bra\u021b telescopic ce permite ajustarea lungimii \u00een func\u021bie de necesit\u0103\u021bi. C\u00e2nd bra\u021bul este str\u00e2ns masoar\u0103 160cm si se poate extinde pana la 260cm. \u00cen\u0103l\u021bimea macaralei este de 240cm.<\/p>\n<p>Capacitatea de ridicare este de 1200 kg c\u00e2nd bra\u021bul este str\u00e2ns \u0219i 800kg c\u00e2nd bra\u021bul este extins la maxim.<\/p>\n<p>Greutatea total\u0103 a macaralei este de aproximativ 90 kg, iar construc\u021bia sa asigur\u0103 o durabilitate sporit\u0103 \u00een condi\u021bii de munc\u0103 intense.<\/p>\n","protected":false},"featured_media":6565,"template":"","meta":[],"product_brand":[],"product_cat":[538,513],"product_tag":[],"class_list":{"0":"post-6563","1":"product","2":"type-product","3":"status-publish","4":"has-post-thumbnail","6":"product_cat-utilaje-agricole","7":"product_cat-alte-utilaje-noi","9":"first","10":"instock","11":"taxable","12":"shipping-taxable","13":"product-type-simple"},"jetpack_sharing_enabled":true,"_links":{"self":[{"href":"https:\/\/agrodiamant.ro\/index.php\/wp-json\/wp\/v2\/product\/6563","targetHints":{"allow":["GET"]}}],"collection":[{"href":"https:\/\/agrodiamant.ro\/index.php\/wp-json\/wp\/v2\/product"}],"about":[{"href":"https:\/\/agrodiamant.ro\/index.php\/wp-json\/wp\/v2\/types\/product"}],"wp:featuredmedia":[{"embeddable":true,"href":"https:\/\/agrodiamant.ro\/index.php\/wp-json\/wp\/v2\/media\/6565"}],"wp:attachment":[{"href":"https:\/\/agrodiamant.ro\/index.php\/wp-json\/wp\/v2\/media?parent=6563"}],"wp:term":[{"taxonomy":"product_brand","embeddable":true,"href":"https:\/\/agrodiamant.ro\/index.php\/wp-json\/wp\/v2\/product_brand?post=6563"},{"taxonomy":"product_cat","embeddable":true,"href":"https:\/\/agrodiamant.ro\/index.php\/wp-json\/wp\/v2\/product_cat?post=6563"},{"taxonomy":"product_tag","embeddable":true,"href":"https:\/\/agrodiamant.ro\/index.php\/wp-json\/wp\/v2\/product_tag?post=6563"}],"curies":[{"name":"wp","href":"https:\/\/api.w.org\/{rel}","templated":true}]}}