{"id":6734,"date":"2025-11-13T06:54:11","date_gmt":"2025-11-13T06:54:11","guid":{"rendered":"https:\/\/agrodiamant.ro\/?post_type=product&#038;p=6734"},"modified":"2025-11-13T07:51:03","modified_gmt":"2025-11-13T07:51:03","slug":"tambur-pentru-irigat-pioggia-carnevali-carmobil-model-850","status":"publish","type":"product","link":"https:\/\/agrodiamant.ro\/index.php\/product\/tambur-pentru-irigat-pioggia-carnevali-carmobil-model-850\/","title":{"rendered":"Tambur pentru irigat Pioggia Carnevali, Carmobil model 850"},"content":{"rendered":"","protected":false},"excerpt":{"rendered":"<p><u>AgroDiamant comercializeaz\u0103 Tambur pentru irigat Pioggia Carnevali, Carmobil model 850.<\/u><\/p>\n<p>Seriile 850\/16 \u0219i 850XL\/16 reprezint\u0103 nucleul gamei Carmobil, cu modele avand furtun cu diametrul incepand cu 90 si pana la 125mm precum si lungimi incepand cu 300 pana la 620m.<\/p>\n<p>Din 2016, primul an de produc\u021bie, au fost efectuate numeroase actualiz\u0103ri pentru a \u00eembun\u0103t\u0103\u021bi experienta utilizatorului, precum \u0219i posibilitatea de a instala diverse accesorii.<\/p>\n<p>Carmobil C850 \u0219i C850XL sunt versatile pentru asamblarea multor accesorii \u0219i au fost apreciate de ani de zile \u00een multe \u021b\u0103ri: eficien\u021ba turbinei \u0219i transmisia direct\u0103 dintre turbin\u0103, cutie de viteze \u0219i roat\u0103 permit lucrul cu presiune minim\u0103 \u0219i, de asemenea, valorificarea la maximum a debitelor abundente. Ridicarea hidraulic\u0103 a c\u0103ruciorului, combinat\u0103 cu suporturile de ancorare hidraulice din spate, sunt deja incluse \u00een echipamentul standard \u0219i sunt extrem de u\u0219or de utilizat. Ma\u0219inile sunt deja preg\u0103tite pentru instalarea de computere, robinete de golire sau de \u00eenchidere \u0219i, de asemenea, pentru orice accesorii hidraulice suplimentare, cum ar fi piciorul de sus\u021binere.<\/p>\n","protected":false},"featured_media":6735,"template":"","meta":[],"product_brand":[],"product_cat":[538,513],"product_tag":[],"class_list":{"0":"post-6734","1":"product","2":"type-product","3":"status-publish","4":"has-post-thumbnail","6":"product_cat-utilaje-agricole","7":"product_cat-alte-utilaje-noi","9":"first","10":"instock","11":"taxable","12":"shipping-taxable","13":"product-type-simple"},"jetpack_sharing_enabled":true,"_links":{"self":[{"href":"https:\/\/agrodiamant.ro\/index.php\/wp-json\/wp\/v2\/product\/6734","targetHints":{"allow":["GET"]}}],"collection":[{"href":"https:\/\/agrodiamant.ro\/index.php\/wp-json\/wp\/v2\/product"}],"about":[{"href":"https:\/\/agrodiamant.ro\/index.php\/wp-json\/wp\/v2\/types\/product"}],"wp:featuredmedia":[{"embeddable":true,"href":"https:\/\/agrodiamant.ro\/index.php\/wp-json\/wp\/v2\/media\/6735"}],"wp:attachment":[{"href":"https:\/\/agrodiamant.ro\/index.php\/wp-json\/wp\/v2\/media?parent=6734"}],"wp:term":[{"taxonomy":"product_brand","embeddable":true,"href":"https:\/\/agrodiamant.ro\/index.php\/wp-json\/wp\/v2\/product_brand?post=6734"},{"taxonomy":"product_cat","embeddable":true,"href":"https:\/\/agrodiamant.ro\/index.php\/wp-json\/wp\/v2\/product_cat?post=6734"},{"taxonomy":"product_tag","embeddable":true,"href":"https:\/\/agrodiamant.ro\/index.php\/wp-json\/wp\/v2\/product_tag?post=6734"}],"curies":[{"name":"wp","href":"https:\/\/api.w.org\/{rel}","templated":true}]}}